{"id":309,"date":"2020-01-13T11:17:52","date_gmt":"2020-01-13T11:17:52","guid":{"rendered":"https:\/\/demosites.io\/web-agency-gb\/?page_id=5"},"modified":"2025-08-16T11:16:54","modified_gmt":"2025-08-16T09:16:54","slug":"hem","status":"publish","type":"page","link":"https:\/\/earhear.net\/","title":{"rendered":"Hem"},"content":{"rendered":"\t\t<div data-elementor-type=\"wp-page\" data-elementor-id=\"309\" class=\"elementor elementor-309\" data-elementor-post-type=\"page\">\n\t\t\t\t<div class=\"elementor-element elementor-element-6d7684d e-flex e-con-boxed e-con e-parent\" data-id=\"6d7684d\" data-element_type=\"container\" data-e-type=\"container\">\n\t\t\t\t\t<div class=\"e-con-inner\">\n\t\t\t\t<div class=\"elementor-element elementor-element-bd47825 elementor-widget elementor-widget-text-editor\" data-id=\"bd47825\" data-element_type=\"widget\" data-e-type=\"widget\" data-widget_type=\"text-editor.default\">\n\t\t\t\t<div class=\"elementor-widget-container\">\n\t\t\t\t\t\t\t\t\t<p>V\u00e4lkommen!<\/p><p>Jag har jobbat med mastering och musikproduktion i min studio i s\u00f6dra Stockholm sedan 1989 och kan erbjuda dig hj\u00e4lp med det mesta inom ljud och musik \u2013 allt ifr\u00e5n digitalisering och ljudrestaurering av \u00e4ldre inspelningar, till modern mastering i samtliga digitala format och allt d\u00e4r emellan.\u00a0<br \/>I spellistan l\u00e4ngst ner finns de senaste produktionerna jag jobbat med.\u00a0<br \/>Jag h\u00e4lsar alla kunder, nya som gamla, hj\u00e4rtligt v\u00e4lkomna!<\/p><p>\/\/Uffe B\u00f6rjesson<\/p>\t\t\t\t\t\t\t\t<\/div>\n\t\t\t\t<\/div>\n\t\t\t\t\t<\/div>\n\t\t\t\t<\/div>\n\t\t<div class=\"elementor-element elementor-element-f5473eb e-flex e-con-boxed e-con e-parent\" data-id=\"f5473eb\" data-element_type=\"container\" data-e-type=\"container\">\n\t\t\t\t\t<div class=\"e-con-inner\">\n\t\t\t\t<div class=\"elementor-element elementor-element-7691d43 elementor-widget elementor-widget-spacer\" data-id=\"7691d43\" data-element_type=\"widget\" data-e-type=\"widget\" data-widget_type=\"spacer.default\">\n\t\t\t\t<div class=\"elementor-widget-container\">\n\t\t\t\t\t\t\t<div class=\"elementor-spacer\">\n\t\t\t<div class=\"elementor-spacer-inner\"><\/div>\n\t\t<\/div>\n\t\t\t\t\t\t<\/div>\n\t\t\t\t<\/div>\n\t\t\t\t\t<\/div>\n\t\t\t\t<\/div>\n\t\t<div class=\"elementor-element elementor-element-c813bc0 e-flex e-con-boxed e-con e-parent\" data-id=\"c813bc0\" data-element_type=\"container\" data-e-type=\"container\" data-settings=\"{&quot;background_background&quot;:&quot;classic&quot;}\">\n\t\t\t\t\t<div class=\"e-con-inner\">\n\t\t\t\t<div class=\"elementor-element elementor-element-4adc45e elementor-view-default elementor-position-block-start elementor-mobile-position-block-start elementor-widget elementor-widget-icon-box\" data-id=\"4adc45e\" data-element_type=\"widget\" data-e-type=\"widget\" data-widget_type=\"icon-box.default\">\n\t\t\t\t<div class=\"elementor-widget-container\">\n\t\t\t\t\t\t\t<div class=\"elementor-icon-box-wrapper\">\n\n\t\t\t\t\t\t<div class=\"elementor-icon-box-icon\">\n\t\t\t\t<a href=\"https:\/\/earhear.net\/?page_id=75\" class=\"elementor-icon elementor-animation-shrink\" tabindex=\"-1\" aria-label=\"Kontakta mig\">\n\t\t\t\t<svg aria-hidden=\"true\" class=\"e-font-icon-svg e-fas-envelope-open-text\" viewBox=\"0 0 512 512\" xmlns=\"http:\/\/www.w3.org\/2000\/svg\"><path d=\"M176 216h160c8.84 0 16-7.16 16-16v-16c0-8.84-7.16-16-16-16H176c-8.84 0-16 7.16-16 16v16c0 8.84 7.16 16 16 16zm-16 80c0 8.84 7.16 16 16 16h160c8.84 0 16-7.16 16-16v-16c0-8.84-7.16-16-16-16H176c-8.84 0-16 7.16-16 16v16zm96 121.13c-16.42 0-32.84-5.06-46.86-15.19L0 250.86V464c0 26.51 21.49 48 48 48h416c26.51 0 48-21.49 48-48V250.86L302.86 401.94c-14.02 10.12-30.44 15.19-46.86 15.19zm237.61-254.18c-8.85-6.94-17.24-13.47-29.61-22.81V96c0-26.51-21.49-48-48-48h-77.55c-3.04-2.2-5.87-4.26-9.04-6.56C312.6 29.17 279.2-.35 256 0c-23.2-.35-56.59 29.17-73.41 41.44-3.17 2.3-6 4.36-9.04 6.56H96c-26.51 0-48 21.49-48 48v44.14c-12.37 9.33-20.76 15.87-29.61 22.81A47.995 47.995 0 0 0 0 200.72v10.65l96 69.35V96h320v184.72l96-69.35v-10.65c0-14.74-6.78-28.67-18.39-37.77z\"><\/path><\/svg>\t\t\t\t<\/a>\n\t\t\t<\/div>\n\t\t\t\n\t\t\t\t\t\t<div class=\"elementor-icon-box-content\">\n\n\t\t\t\t\t\t\t\t\t<h3 class=\"elementor-icon-box-title\">\n\t\t\t\t\t\t<a href=\"https:\/\/earhear.net\/?page_id=75\" >\n\t\t\t\t\t\t\tKontakta mig\t\t\t\t\t\t<\/a>\n\t\t\t\t\t<\/h3>\n\t\t\t\t\n\t\t\t\t\t\t\t\t\t<p class=\"elementor-icon-box-description\">\n\t\t\t\t\t\tSkulle du ha n\u00e5gra fr\u00e5gor eller \u00f6nska mer information? Det \u00e4r bara att fr\u00e5ga! \t\t\t\t\t<\/p>\n\t\t\t\t\n\t\t\t<\/div>\n\t\t\t\n\t\t<\/div>\n\t\t\t\t\t\t<\/div>\n\t\t\t\t<\/div>\n\t\t\t\t\t<\/div>\n\t\t\t\t<\/div>\n\t\t<div class=\"elementor-element elementor-element-605b233 e-flex e-con-boxed e-con e-parent\" data-id=\"605b233\" data-element_type=\"container\" data-e-type=\"container\">\n\t\t\t\t\t<div class=\"e-con-inner\">\n\t\t\t\t<div class=\"elementor-element elementor-element-c1be321 elementor-widget elementor-widget-spacer\" data-id=\"c1be321\" data-element_type=\"widget\" data-e-type=\"widget\" data-widget_type=\"spacer.default\">\n\t\t\t\t<div class=\"elementor-widget-container\">\n\t\t\t\t\t\t\t<div class=\"elementor-spacer\">\n\t\t\t<div class=\"elementor-spacer-inner\"><\/div>\n\t\t<\/div>\n\t\t\t\t\t\t<\/div>\n\t\t\t\t<\/div>\n\t\t\t\t\t<\/div>\n\t\t\t\t<\/div>\n\t\t\t\t<\/div>\n\t\t","protected":false},"excerpt":{"rendered":"<p>V\u00e4lkommen! Jag har jobbat med mastering och musikproduktion i min studio i s\u00f6dra Stockholm sedan 1989 och kan erbjuda dig hj\u00e4lp med det mesta inom ljud och musik \u2013 allt ifr\u00e5n digitalisering och ljudrestaurering av \u00e4ldre inspelningar, till modern mastering i samtliga digitala format och allt d\u00e4r emellan.\u00a0I spellistan l\u00e4ngst ner finns de senaste produktionerna&hellip;&nbsp;<a href=\"https:\/\/earhear.net\/\" rel=\"bookmark\">L\u00e4s mer &raquo;<span class=\"screen-reader-text\">Hem<\/span><\/a><\/p>\n","protected":false},"author":3,"featured_media":0,"parent":0,"menu_order":0,"comment_status":"closed","ping_status":"closed","template":"","meta":{"_monsterinsights_skip_tracking":false,"_monsterinsights_sitenote_active":false,"_monsterinsights_sitenote_note":"","_monsterinsights_sitenote_category":0,"neve_meta_sidebar":"default","neve_meta_container":"default","neve_meta_enable_content_width":"on","neve_meta_content_width":100,"neve_meta_title_alignment":"","neve_meta_author_avatar":"","neve_post_elements_order":"","neve_meta_disable_header":"","neve_meta_disable_footer":"","neve_meta_disable_title":"on","footnotes":""},"class_list":["post-309","page","type-page","status-publish","hentry"],"yoast_head":"<!-- This site is optimized with the Yoast SEO plugin v27.5 - https:\/\/yoast.com\/product\/yoast-seo-wordpress\/ -->\n<title>Hem - Ear Hear Musik &amp; Ljud AB<\/title>\n<meta name=\"robots\" content=\"index, follow, max-snippet:-1, max-image-preview:large, max-video-preview:-1\" \/>\n<link rel=\"canonical\" href=\"https:\/\/earhear.net\/\" \/>\n<meta property=\"og:locale\" content=\"sv_SE\" \/>\n<meta property=\"og:type\" content=\"article\" \/>\n<meta property=\"og:title\" content=\"Hem - Ear Hear Musik &amp; Ljud AB\" \/>\n<meta property=\"og:description\" content=\"V\u00e4lkommen! Jag har jobbat med mastering och musikproduktion i min studio i s\u00f6dra Stockholm sedan 1989 och kan erbjuda dig hj\u00e4lp med det mesta inom ljud och musik \u2013 allt ifr\u00e5n digitalisering och ljudrestaurering av \u00e4ldre inspelningar, till modern mastering i samtliga digitala format och allt d\u00e4r emellan.\u00a0I spellistan l\u00e4ngst ner finns de senaste produktionerna&hellip;&nbsp;L\u00e4s mer &raquo;Hem\" \/>\n<meta property=\"og:url\" content=\"https:\/\/earhear.net\/\" \/>\n<meta property=\"og:site_name\" content=\"Ear Hear Musik &amp; Ljud AB\" \/>\n<meta property=\"article:modified_time\" content=\"2025-08-16T09:16:54+00:00\" \/>\n<meta name=\"twitter:card\" content=\"summary_large_image\" \/>\n<meta name=\"twitter:label1\" content=\"Ber\u00e4knad l\u00e4stid\" \/>\n\t<meta name=\"twitter:data1\" content=\"1 minut\" \/>\n<script type=\"application\/ld+json\" class=\"yoast-schema-graph\">{\"@context\":\"https:\\\/\\\/schema.org\",\"@graph\":[{\"@type\":\"WebPage\",\"@id\":\"https:\\\/\\\/earhear.net\\\/\",\"url\":\"https:\\\/\\\/earhear.net\\\/\",\"name\":\"Hem - Ear Hear Musik &amp; Ljud AB\",\"isPartOf\":{\"@id\":\"https:\\\/\\\/earhear.net\\\/#website\"},\"datePublished\":\"2020-01-13T11:17:52+00:00\",\"dateModified\":\"2025-08-16T09:16:54+00:00\",\"breadcrumb\":{\"@id\":\"https:\\\/\\\/earhear.net\\\/#breadcrumb\"},\"inLanguage\":\"sv-SE\",\"potentialAction\":[{\"@type\":\"ReadAction\",\"target\":[\"https:\\\/\\\/earhear.net\\\/\"]}]},{\"@type\":\"BreadcrumbList\",\"@id\":\"https:\\\/\\\/earhear.net\\\/#breadcrumb\",\"itemListElement\":[{\"@type\":\"ListItem\",\"position\":1,\"name\":\"Home\",\"item\":\"https:\\\/\\\/earhear.net\\\/\"},{\"@type\":\"ListItem\",\"position\":2,\"name\":\"Hem\"}]},{\"@type\":\"WebSite\",\"@id\":\"https:\\\/\\\/earhear.net\\\/#website\",\"url\":\"https:\\\/\\\/earhear.net\\\/\",\"name\":\"Ear Hear Musik &amp; Ljud AB\",\"description\":\"\",\"potentialAction\":[{\"@type\":\"SearchAction\",\"target\":{\"@type\":\"EntryPoint\",\"urlTemplate\":\"https:\\\/\\\/earhear.net\\\/?s={search_term_string}\"},\"query-input\":{\"@type\":\"PropertyValueSpecification\",\"valueRequired\":true,\"valueName\":\"search_term_string\"}}],\"inLanguage\":\"sv-SE\"}]}<\/script>\n<!-- \/ Yoast SEO plugin. -->","yoast_head_json":{"title":"Hem - Ear Hear Musik &amp; Ljud AB","robots":{"index":"index","follow":"follow","max-snippet":"max-snippet:-1","max-image-preview":"max-image-preview:large","max-video-preview":"max-video-preview:-1"},"canonical":"https:\/\/earhear.net\/","og_locale":"sv_SE","og_type":"article","og_title":"Hem - Ear Hear Musik &amp; Ljud AB","og_description":"V\u00e4lkommen! Jag har jobbat med mastering och musikproduktion i min studio i s\u00f6dra Stockholm sedan 1989 och kan erbjuda dig hj\u00e4lp med det mesta inom ljud och musik \u2013 allt ifr\u00e5n digitalisering och ljudrestaurering av \u00e4ldre inspelningar, till modern mastering i samtliga digitala format och allt d\u00e4r emellan.\u00a0I spellistan l\u00e4ngst ner finns de senaste produktionerna&hellip;&nbsp;L\u00e4s mer &raquo;Hem","og_url":"https:\/\/earhear.net\/","og_site_name":"Ear Hear Musik &amp; Ljud AB","article_modified_time":"2025-08-16T09:16:54+00:00","twitter_card":"summary_large_image","twitter_misc":{"Ber\u00e4knad l\u00e4stid":"1 minut"},"schema":{"@context":"https:\/\/schema.org","@graph":[{"@type":"WebPage","@id":"https:\/\/earhear.net\/","url":"https:\/\/earhear.net\/","name":"Hem - Ear Hear Musik &amp; Ljud AB","isPartOf":{"@id":"https:\/\/earhear.net\/#website"},"datePublished":"2020-01-13T11:17:52+00:00","dateModified":"2025-08-16T09:16:54+00:00","breadcrumb":{"@id":"https:\/\/earhear.net\/#breadcrumb"},"inLanguage":"sv-SE","potentialAction":[{"@type":"ReadAction","target":["https:\/\/earhear.net\/"]}]},{"@type":"BreadcrumbList","@id":"https:\/\/earhear.net\/#breadcrumb","itemListElement":[{"@type":"ListItem","position":1,"name":"Home","item":"https:\/\/earhear.net\/"},{"@type":"ListItem","position":2,"name":"Hem"}]},{"@type":"WebSite","@id":"https:\/\/earhear.net\/#website","url":"https:\/\/earhear.net\/","name":"Ear Hear Musik &amp; Ljud AB","description":"","potentialAction":[{"@type":"SearchAction","target":{"@type":"EntryPoint","urlTemplate":"https:\/\/earhear.net\/?s={search_term_string}"},"query-input":{"@type":"PropertyValueSpecification","valueRequired":true,"valueName":"search_term_string"}}],"inLanguage":"sv-SE"}]}},"_links":{"self":[{"href":"https:\/\/earhear.net\/index.php?rest_route=\/wp\/v2\/pages\/309","targetHints":{"allow":["GET"]}}],"collection":[{"href":"https:\/\/earhear.net\/index.php?rest_route=\/wp\/v2\/pages"}],"about":[{"href":"https:\/\/earhear.net\/index.php?rest_route=\/wp\/v2\/types\/page"}],"author":[{"embeddable":true,"href":"https:\/\/earhear.net\/index.php?rest_route=\/wp\/v2\/users\/3"}],"replies":[{"embeddable":true,"href":"https:\/\/earhear.net\/index.php?rest_route=%2Fwp%2Fv2%2Fcomments&post=309"}],"version-history":[{"count":6,"href":"https:\/\/earhear.net\/index.php?rest_route=\/wp\/v2\/pages\/309\/revisions"}],"predecessor-version":[{"id":944,"href":"https:\/\/earhear.net\/index.php?rest_route=\/wp\/v2\/pages\/309\/revisions\/944"}],"wp:attachment":[{"href":"https:\/\/earhear.net\/index.php?rest_route=%2Fwp%2Fv2%2Fmedia&parent=309"}],"curies":[{"name":"wp","href":"https:\/\/api.w.org\/{rel}","templated":true}]}}