{"id":61,"date":"2020-01-23T18:21:52","date_gmt":"2020-01-23T18:21:52","guid":{"rendered":"https:\/\/demosites.io\/web-agency-gb\/?page_id=61"},"modified":"2025-08-13T08:44:42","modified_gmt":"2025-08-13T06:44:42","slug":"om-mig","status":"publish","type":"page","link":"https:\/\/earhear.net\/?page_id=61","title":{"rendered":"Om mig"},"content":{"rendered":"\t\t<div data-elementor-type=\"wp-page\" data-elementor-id=\"61\" class=\"elementor elementor-61\" data-elementor-post-type=\"page\">\n\t\t\t\t<div class=\"elementor-element elementor-element-4835acb e-flex e-con-boxed e-con e-parent\" data-id=\"4835acb\" data-element_type=\"container\" data-e-type=\"container\">\n\t\t\t\t\t<div class=\"e-con-inner\">\n\t\t<div class=\"elementor-element elementor-element-9580d50 e-con-full e-flex e-con e-child\" data-id=\"9580d50\" data-element_type=\"container\" data-e-type=\"container\">\n\t\t\t\t<div class=\"elementor-element elementor-element-c324b1b elementor-widget elementor-widget-image\" data-id=\"c324b1b\" data-element_type=\"widget\" data-e-type=\"widget\" data-widget_type=\"image.default\">\n\t\t\t\t<div class=\"elementor-widget-container\">\n\t\t\t\t\t\t\t\t\t\t\t\t\t\t\t<img fetchpriority=\"high\" decoding=\"async\" width=\"300\" height=\"300\" src=\"https:\/\/earhear.net\/wp-content\/uploads\/2024\/01\/image.png\" class=\"attachment-large size-large wp-image-409\" alt=\"\" srcset=\"https:\/\/earhear.net\/wp-content\/uploads\/2024\/01\/image.png 300w, https:\/\/earhear.net\/wp-content\/uploads\/2024\/01\/image-150x150.png 150w\" sizes=\"(max-width: 300px) 100vw, 300px\" \/>\t\t\t\t\t\t\t\t\t\t\t\t\t\t\t<\/div>\n\t\t\t\t<\/div>\n\t\t\t\t<\/div>\n\t\t<div class=\"elementor-element elementor-element-34a1085 e-con-full e-flex e-con e-child\" data-id=\"34a1085\" data-element_type=\"container\" data-e-type=\"container\">\n\t\t\t\t<div class=\"elementor-element elementor-element-aafebf6 elementor-widget elementor-widget-heading\" data-id=\"aafebf6\" data-element_type=\"widget\" data-e-type=\"widget\" data-widget_type=\"heading.default\">\n\t\t\t\t<div class=\"elementor-widget-container\">\n\t\t\t\t\t<h2 class=\"elementor-heading-title elementor-size-default\">Min Story<\/h2>\t\t\t\t<\/div>\n\t\t\t\t<\/div>\n\t\t\t\t<div class=\"elementor-element elementor-element-97fef9e elementor-widget elementor-widget-text-editor\" data-id=\"97fef9e\" data-element_type=\"widget\" data-e-type=\"widget\" data-widget_type=\"text-editor.default\">\n\t\t\t\t<div class=\"elementor-widget-container\">\n\t\t\t\t\t\t\t\t\t<p>Ear Hear Musik &amp; Ljud AB startade jag f\u00f6r 36 \u00e5r sedan.\u00a0<br \/>Merparten av de \u00e5ren har jag jobbat med Robert Broberg som musiker, medproducent, ljudtekniker, bollplank och mycket mer. Tillsammans med Robert turnerade jag Sverige runt, m\u00e5nga varv och vi spelade p\u00e5 de flesta arenor och teatrar. <br \/>Med Dick Karlsson och Rey-Ove Karl\u00e9n, som tillsammans med mig kompade Robert under alla \u00e5r, bildades &#8221;The Glimmer Three&#8221; eller &#8221;The Unreal Group&#8221; eller &#8221;Husvagnspojkarna&#8221; eller &#8221;Robbans Skifflegroup&#8221; och n\u00e5gra till.<br \/>Vi gjorde ocks\u00e5 n\u00e5gra albumproduktioner tillsammans, b.l.a. &#8221;Nu ska vi sjunga 2&#8221; och Rey-Ove och jag skapade \u00e4ven &#8221;Spa-serien&#8221; med egenskriven, egenproducerad musik som fick riktigt bra f\u00f6rs\u00e4ljning, tv\u00e5 guldskivor mm.<br \/>I kombination med samarbetet med Robert Broberg hade jag m\u00e5nga h\u00e4rliga \u00e5r tillsammans med &#8221;Svenssons Treooo&#8221;, v\u00e4rldens b\u00e4sta festorkester.<\/p>\t\t\t\t\t\t\t\t<\/div>\n\t\t\t\t<\/div>\n\t\t\t\t<\/div>\n\t\t\t\t\t<\/div>\n\t\t\t\t<\/div>\n\t\t<div class=\"elementor-element elementor-element-561247f e-flex e-con-boxed e-con e-parent\" data-id=\"561247f\" data-element_type=\"container\" data-e-type=\"container\">\n\t\t\t\t\t<div class=\"e-con-inner\">\n\t\t<div class=\"elementor-element elementor-element-b6c08ce e-con-full e-flex e-con e-child\" data-id=\"b6c08ce\" data-element_type=\"container\" data-e-type=\"container\">\n\t\t\t\t<div class=\"elementor-element elementor-element-145dc7e elementor-widget elementor-widget-text-editor\" data-id=\"145dc7e\" data-element_type=\"widget\" data-e-type=\"widget\" data-widget_type=\"text-editor.default\">\n\t\t\t\t<div class=\"elementor-widget-container\">\n\t\t\t\t\t\t\t\t\t<p class=\"has-text-align-left\">Jag har f\u00e5tt jobba med s\u00e5 m\u00e5nga underbara m\u00e4nniskor, spelat med mina idoler, s\u00e5v\u00e4l artister som musiker. Den enda jag dr\u00f6mt om att f\u00e5 spela med som aldrig blev av \u00e4r Jerry Williams, annars har jag samarbetat med alla p\u00e5 ett eller annat s\u00e4tt. Ett privilegium, verkligen. <br \/>M\u00e5nga Grammisar och andra musikpriser har jag nominerats till och vunnit, indirekt som musiker och\/eller ljudtekniker.<br \/>Som ljudtekniker har jag mastrat tusentals skivor, f\u00e5tt tr\u00e4ffa och l\u00e4ra k\u00e4nna mina idoler bland ljudteknikerlegendarer och l\u00e4rt mig mycket av dem, men ocks\u00e5 kunnat l\u00e4ra ut mina sm\u00e5 knep, framf\u00f6r allt i den nya digitala v\u00e4rlden.<br \/>N\u00e4r jag var ung l\u00e4ste jag en amerikansk gitarrtidning d\u00e4r Jeff Beck intervjuades. Han f\u00f6rs\u00f6ker, n\u00e4r han spelar, att spela minst en ton eller fras som ber\u00f6r honom p\u00e5 n\u00e5got s\u00e4tt. Jag har vid n\u00e5got tillf\u00e4lle d\u00e5 och d\u00e5 kommit dit sj\u00e4lv. Spelat en ton eller fras p\u00e5 gitarr som var s\u00e5 bra att jag sj\u00e4lv blev ber\u00f6rd. Det \u00e4r nog det som jag tar med mig personligen fr\u00e5n dessa 36 \u00e5r, s\u00e5 f\u00e5r vi se om det blir en ton eller fras till under kommande \u00e5r.<br \/>Och f\u00f6rhoppningvis med massor av nya och gamla samarbeten, m\u00e4nniskor, l\u00e5tar och projekt att jobba med!<\/p><p><!-- \/wp:paragraph --><!-- wp:paragraph {\"fontSize\":\"medium\"} --><\/p><p class=\"has-medium-font-size\">Ser fram emot \u00e5r 37!<br \/><strong>\/Uffe B\u00f6rjesson 2025<\/strong><\/p>\t\t\t\t\t\t\t\t<\/div>\n\t\t\t\t<\/div>\n\t\t\t\t<\/div>\n\t\t<div class=\"elementor-element elementor-element-c820be5 e-con-full e-flex e-con e-child\" data-id=\"c820be5\" data-element_type=\"container\" data-e-type=\"container\">\n\t\t\t\t<div class=\"elementor-element elementor-element-687ef2c elementor-widget elementor-widget-image\" data-id=\"687ef2c\" data-element_type=\"widget\" data-e-type=\"widget\" data-widget_type=\"image.default\">\n\t\t\t\t<div class=\"elementor-widget-container\">\n\t\t\t\t\t\t\t\t\t\t\t\t\t\t\t<img decoding=\"async\" width=\"637\" height=\"1024\" src=\"https:\/\/earhear.net\/wp-content\/uploads\/2024\/01\/Skarmavbild-2024-01-25-kl.-10.55.46-637x1024.jpg\" class=\"attachment-large size-large wp-image-664\" alt=\"\" srcset=\"https:\/\/earhear.net\/wp-content\/uploads\/2024\/01\/Skarmavbild-2024-01-25-kl.-10.55.46-637x1024.jpg 637w, https:\/\/earhear.net\/wp-content\/uploads\/2024\/01\/Skarmavbild-2024-01-25-kl.-10.55.46-187x300.jpg 187w, https:\/\/earhear.net\/wp-content\/uploads\/2024\/01\/Skarmavbild-2024-01-25-kl.-10.55.46.jpg 740w\" sizes=\"(max-width: 637px) 100vw, 637px\" \/>\t\t\t\t\t\t\t\t\t\t\t\t\t\t\t<\/div>\n\t\t\t\t<\/div>\n\t\t\t\t<\/div>\n\t\t\t\t\t<\/div>\n\t\t\t\t<\/div>\n\t\t\t\t<\/div>\n\t\t","protected":false},"excerpt":{"rendered":"<p>Min Story Ear Hear Musik &amp; Ljud AB startade jag f\u00f6r 36 \u00e5r sedan.\u00a0Merparten av de \u00e5ren har jag jobbat med Robert Broberg som musiker, medproducent, ljudtekniker, bollplank och mycket mer. Tillsammans med Robert turnerade jag Sverige runt, m\u00e5nga varv och vi spelade p\u00e5 de flesta arenor och teatrar. Med Dick Karlsson och Rey-Ove Karl\u00e9n,&hellip;&nbsp;<a href=\"https:\/\/earhear.net\/?page_id=61\" rel=\"bookmark\">L\u00e4s mer &raquo;<span class=\"screen-reader-text\">Om mig<\/span><\/a><\/p>\n","protected":false},"author":3,"featured_media":0,"parent":0,"menu_order":0,"comment_status":"closed","ping_status":"closed","template":"","meta":{"_monsterinsights_skip_tracking":false,"_monsterinsights_sitenote_active":false,"_monsterinsights_sitenote_note":"","_monsterinsights_sitenote_category":0,"neve_meta_sidebar":"default","neve_meta_container":"default","neve_meta_enable_content_width":"on","neve_meta_content_width":100,"neve_meta_title_alignment":"","neve_meta_author_avatar":"","neve_post_elements_order":"","neve_meta_disable_header":"","neve_meta_disable_footer":"","neve_meta_disable_title":"off","footnotes":""},"class_list":["post-61","page","type-page","status-publish","hentry"],"yoast_head":"<!-- This site is optimized with the Yoast SEO plugin v27.6 - https:\/\/yoast.com\/product\/yoast-seo-wordpress\/ -->\n<title>Om mig - Ear Hear Musik &amp; Ljud AB<\/title>\n<meta name=\"robots\" content=\"index, follow, max-snippet:-1, max-image-preview:large, max-video-preview:-1\" \/>\n<link rel=\"canonical\" href=\"https:\/\/earhear.net\/?page_id=61\" \/>\n<meta property=\"og:locale\" content=\"sv_SE\" \/>\n<meta property=\"og:type\" content=\"article\" \/>\n<meta property=\"og:title\" content=\"Om mig - Ear Hear Musik &amp; Ljud AB\" \/>\n<meta property=\"og:description\" content=\"Min Story Ear Hear Musik &amp; Ljud AB startade jag f\u00f6r 36 \u00e5r sedan.\u00a0Merparten av de \u00e5ren har jag jobbat med Robert Broberg som musiker, medproducent, ljudtekniker, bollplank och mycket mer. Tillsammans med Robert turnerade jag Sverige runt, m\u00e5nga varv och vi spelade p\u00e5 de flesta arenor och teatrar. Med Dick Karlsson och Rey-Ove Karl\u00e9n,&hellip;&nbsp;L\u00e4s mer &raquo;Om mig\" \/>\n<meta property=\"og:url\" content=\"https:\/\/earhear.net\/?page_id=61\" \/>\n<meta property=\"og:site_name\" content=\"Ear Hear Musik &amp; Ljud AB\" \/>\n<meta property=\"article:modified_time\" content=\"2025-08-13T06:44:42+00:00\" \/>\n<meta property=\"og:image\" content=\"https:\/\/earhear.net\/wp-content\/uploads\/2024\/01\/image.png\" \/>\n\t<meta property=\"og:image:width\" content=\"300\" \/>\n\t<meta property=\"og:image:height\" content=\"300\" \/>\n\t<meta property=\"og:image:type\" content=\"image\/png\" \/>\n<meta name=\"twitter:card\" content=\"summary_large_image\" \/>\n<meta name=\"twitter:label1\" content=\"Ber\u00e4knad l\u00e4stid\" \/>\n\t<meta name=\"twitter:data1\" content=\"3 minuter\" \/>\n<script type=\"application\/ld+json\" class=\"yoast-schema-graph\">{\"@context\":\"https:\\\/\\\/schema.org\",\"@graph\":[{\"@type\":\"WebPage\",\"@id\":\"https:\\\/\\\/earhear.net\\\/?page_id=61\",\"url\":\"https:\\\/\\\/earhear.net\\\/?page_id=61\",\"name\":\"Om mig - Ear Hear Musik &amp; Ljud AB\",\"isPartOf\":{\"@id\":\"https:\\\/\\\/earhear.net\\\/#website\"},\"primaryImageOfPage\":{\"@id\":\"https:\\\/\\\/earhear.net\\\/?page_id=61#primaryimage\"},\"image\":{\"@id\":\"https:\\\/\\\/earhear.net\\\/?page_id=61#primaryimage\"},\"thumbnailUrl\":\"https:\\\/\\\/earhear.net\\\/wp-content\\\/uploads\\\/2024\\\/01\\\/image.png\",\"datePublished\":\"2020-01-23T18:21:52+00:00\",\"dateModified\":\"2025-08-13T06:44:42+00:00\",\"breadcrumb\":{\"@id\":\"https:\\\/\\\/earhear.net\\\/?page_id=61#breadcrumb\"},\"inLanguage\":\"sv-SE\",\"potentialAction\":[{\"@type\":\"ReadAction\",\"target\":[\"https:\\\/\\\/earhear.net\\\/?page_id=61\"]}]},{\"@type\":\"ImageObject\",\"inLanguage\":\"sv-SE\",\"@id\":\"https:\\\/\\\/earhear.net\\\/?page_id=61#primaryimage\",\"url\":\"https:\\\/\\\/earhear.net\\\/wp-content\\\/uploads\\\/2024\\\/01\\\/image.png\",\"contentUrl\":\"https:\\\/\\\/earhear.net\\\/wp-content\\\/uploads\\\/2024\\\/01\\\/image.png\",\"width\":300,\"height\":300},{\"@type\":\"BreadcrumbList\",\"@id\":\"https:\\\/\\\/earhear.net\\\/?page_id=61#breadcrumb\",\"itemListElement\":[{\"@type\":\"ListItem\",\"position\":1,\"name\":\"Home\",\"item\":\"https:\\\/\\\/earhear.net\\\/\"},{\"@type\":\"ListItem\",\"position\":2,\"name\":\"Om mig\"}]},{\"@type\":\"WebSite\",\"@id\":\"https:\\\/\\\/earhear.net\\\/#website\",\"url\":\"https:\\\/\\\/earhear.net\\\/\",\"name\":\"Ear Hear Musik &amp; Ljud AB\",\"description\":\"\",\"potentialAction\":[{\"@type\":\"SearchAction\",\"target\":{\"@type\":\"EntryPoint\",\"urlTemplate\":\"https:\\\/\\\/earhear.net\\\/?s={search_term_string}\"},\"query-input\":{\"@type\":\"PropertyValueSpecification\",\"valueRequired\":true,\"valueName\":\"search_term_string\"}}],\"inLanguage\":\"sv-SE\"}]}<\/script>\n<!-- \/ Yoast SEO plugin. -->","yoast_head_json":{"title":"Om mig - Ear Hear Musik &amp; Ljud AB","robots":{"index":"index","follow":"follow","max-snippet":"max-snippet:-1","max-image-preview":"max-image-preview:large","max-video-preview":"max-video-preview:-1"},"canonical":"https:\/\/earhear.net\/?page_id=61","og_locale":"sv_SE","og_type":"article","og_title":"Om mig - Ear Hear Musik &amp; Ljud AB","og_description":"Min Story Ear Hear Musik &amp; Ljud AB startade jag f\u00f6r 36 \u00e5r sedan.\u00a0Merparten av de \u00e5ren har jag jobbat med Robert Broberg som musiker, medproducent, ljudtekniker, bollplank och mycket mer. Tillsammans med Robert turnerade jag Sverige runt, m\u00e5nga varv och vi spelade p\u00e5 de flesta arenor och teatrar. Med Dick Karlsson och Rey-Ove Karl\u00e9n,&hellip;&nbsp;L\u00e4s mer &raquo;Om mig","og_url":"https:\/\/earhear.net\/?page_id=61","og_site_name":"Ear Hear Musik &amp; Ljud AB","article_modified_time":"2025-08-13T06:44:42+00:00","og_image":[{"width":300,"height":300,"url":"https:\/\/earhear.net\/wp-content\/uploads\/2024\/01\/image.png","type":"image\/png"}],"twitter_card":"summary_large_image","twitter_misc":{"Ber\u00e4knad l\u00e4stid":"3 minuter"},"schema":{"@context":"https:\/\/schema.org","@graph":[{"@type":"WebPage","@id":"https:\/\/earhear.net\/?page_id=61","url":"https:\/\/earhear.net\/?page_id=61","name":"Om mig - Ear Hear Musik &amp; Ljud AB","isPartOf":{"@id":"https:\/\/earhear.net\/#website"},"primaryImageOfPage":{"@id":"https:\/\/earhear.net\/?page_id=61#primaryimage"},"image":{"@id":"https:\/\/earhear.net\/?page_id=61#primaryimage"},"thumbnailUrl":"https:\/\/earhear.net\/wp-content\/uploads\/2024\/01\/image.png","datePublished":"2020-01-23T18:21:52+00:00","dateModified":"2025-08-13T06:44:42+00:00","breadcrumb":{"@id":"https:\/\/earhear.net\/?page_id=61#breadcrumb"},"inLanguage":"sv-SE","potentialAction":[{"@type":"ReadAction","target":["https:\/\/earhear.net\/?page_id=61"]}]},{"@type":"ImageObject","inLanguage":"sv-SE","@id":"https:\/\/earhear.net\/?page_id=61#primaryimage","url":"https:\/\/earhear.net\/wp-content\/uploads\/2024\/01\/image.png","contentUrl":"https:\/\/earhear.net\/wp-content\/uploads\/2024\/01\/image.png","width":300,"height":300},{"@type":"BreadcrumbList","@id":"https:\/\/earhear.net\/?page_id=61#breadcrumb","itemListElement":[{"@type":"ListItem","position":1,"name":"Home","item":"https:\/\/earhear.net\/"},{"@type":"ListItem","position":2,"name":"Om mig"}]},{"@type":"WebSite","@id":"https:\/\/earhear.net\/#website","url":"https:\/\/earhear.net\/","name":"Ear Hear Musik &amp; Ljud AB","description":"","potentialAction":[{"@type":"SearchAction","target":{"@type":"EntryPoint","urlTemplate":"https:\/\/earhear.net\/?s={search_term_string}"},"query-input":{"@type":"PropertyValueSpecification","valueRequired":true,"valueName":"search_term_string"}}],"inLanguage":"sv-SE"}]}},"_links":{"self":[{"href":"https:\/\/earhear.net\/index.php?rest_route=\/wp\/v2\/pages\/61","targetHints":{"allow":["GET"]}}],"collection":[{"href":"https:\/\/earhear.net\/index.php?rest_route=\/wp\/v2\/pages"}],"about":[{"href":"https:\/\/earhear.net\/index.php?rest_route=\/wp\/v2\/types\/page"}],"author":[{"embeddable":true,"href":"https:\/\/earhear.net\/index.php?rest_route=\/wp\/v2\/users\/3"}],"replies":[{"embeddable":true,"href":"https:\/\/earhear.net\/index.php?rest_route=%2Fwp%2Fv2%2Fcomments&post=61"}],"version-history":[{"count":6,"href":"https:\/\/earhear.net\/index.php?rest_route=\/wp\/v2\/pages\/61\/revisions"}],"predecessor-version":[{"id":924,"href":"https:\/\/earhear.net\/index.php?rest_route=\/wp\/v2\/pages\/61\/revisions\/924"}],"wp:attachment":[{"href":"https:\/\/earhear.net\/index.php?rest_route=%2Fwp%2Fv2%2Fmedia&parent=61"}],"curies":[{"name":"wp","href":"https:\/\/api.w.org\/{rel}","templated":true}]}}