{"id":75,"date":"2020-01-27T08:29:32","date_gmt":"2020-01-27T08:29:32","guid":{"rendered":"https:\/\/demosites.io\/web-agency-gb\/?page_id=75"},"modified":"2025-08-16T11:14:53","modified_gmt":"2025-08-16T09:14:53","slug":"kontakt","status":"publish","type":"page","link":"https:\/\/earhear.net\/?page_id=75","title":{"rendered":"Kontakt"},"content":{"rendered":"\t\t<div data-elementor-type=\"wp-page\" data-elementor-id=\"75\" class=\"elementor elementor-75\" data-elementor-post-type=\"page\">\n\t\t\t\t<div class=\"elementor-element elementor-element-a2927af e-flex e-con-boxed e-con e-parent\" data-id=\"a2927af\" data-element_type=\"container\" data-e-type=\"container\">\n\t\t\t\t\t<div class=\"e-con-inner\">\n\t\t<div class=\"elementor-element elementor-element-a7497ce e-con-full e-flex e-con e-child\" data-id=\"a7497ce\" data-element_type=\"container\" data-e-type=\"container\">\n\t\t\t\t<div class=\"elementor-element elementor-element-be83390 elementor-widget__width-initial elementor-widget elementor-widget-wpforms\" data-id=\"be83390\" data-element_type=\"widget\" data-e-type=\"widget\" data-widget_type=\"wpforms.default\">\n\t\t\t\t<div class=\"elementor-widget-container\">\n\t\t\t\t\t<style id=\"wpforms-css-vars-elementor-widget-be83390\">\n\t\t\t\t.elementor-widget-wpforms.elementor-element-be83390 {\n\t\t\t\t--wpforms-field-text-color: #7A7A7A;\n--wpforms-label-color: #ffffff;\n--wpforms-button-background-color: #ffffff;\n--wpforms-button-text-color: #54595F;\n--wpforms-field-size-input-height: 50px;\n--wpforms-field-size-input-spacing: 20px;\n--wpforms-field-size-font-size: 18px;\n--wpforms-field-size-line-height: 21px;\n--wpforms-field-size-padding-h: 14px;\n--wpforms-field-size-checkbox-size: 18px;\n--wpforms-field-size-sublabel-spacing: 10px;\n--wpforms-field-size-icon-size: 1.25;\n\t\t\t}\n\t\t\t<\/style><div class=\"wpforms-container wpforms-container-full wpforms-render-modern\" id=\"wpforms-848\"><form id=\"wpforms-form-848\" class=\"wpforms-validate wpforms-form wpforms-ajax-form\" data-formid=\"848\" method=\"post\" enctype=\"multipart\/form-data\" action=\"\/index.php?rest_route=%2Fwp%2Fv2%2Fpages%2F75\" data-token=\"f90de4562244ca1cb8b9fdad22cfb697\" data-token-time=\"1777516654\"><noscript class=\"wpforms-error-noscript\">Aktivera JavaScript i din webbl\u00e4sare f\u00f6r att fylla i formul\u00e4ret.<\/noscript><div id=\"wpforms-error-noscript\" style=\"display: none;\">Aktivera JavaScript i din webbl\u00e4sare f\u00f6r att fylla i formul\u00e4ret.<\/div><div class=\"wpforms-field-container\"><div id=\"wpforms-848-field_3-container\" class=\"wpforms-field wpforms-field-text\" data-field-id=\"3\"><label class=\"wpforms-field-label\" for=\"wpforms-848-field_3\">Ditt namn <span class=\"wpforms-required-label\" aria-hidden=\"true\">*<\/span><\/label><input type=\"text\" id=\"wpforms-848-field_3\" class=\"wpforms-field-medium wpforms-field-required\" name=\"wpforms[fields][3]\" aria-errormessage=\"wpforms-848-field_3-error\" required><\/div><div id=\"wpforms-848-field_1-container\" class=\"wpforms-field wpforms-field-text\" data-field-id=\"1\"><label class=\"wpforms-field-label\" for=\"wpforms-848-field_1\">E-mail <span class=\"wpforms-required-label\" aria-hidden=\"true\">*<\/span><\/label><input type=\"text\" id=\"wpforms-848-field_1\" class=\"wpforms-field-medium wpforms-field-required\" name=\"wpforms[fields][1]\" aria-errormessage=\"wpforms-848-field_1-error\" required><\/div><div id=\"wpforms-848-field_2-container\" class=\"wpforms-field wpforms-field-textarea\" data-field-id=\"2\"><label class=\"wpforms-field-label\" for=\"wpforms-848-field_2\">Ditt meddelande <span class=\"wpforms-required-label\" aria-hidden=\"true\">*<\/span><\/label><textarea id=\"wpforms-848-field_2\" class=\"wpforms-field-medium wpforms-field-required\" name=\"wpforms[fields][2]\" aria-errormessage=\"wpforms-848-field_2-error\" required><\/textarea><\/div><div id=\"wpforms-848-field_4-container\" class=\"wpforms-field wpforms-field-text\" data-field-id=\"4\"><label class=\"wpforms-field-label\" for=\"wpforms-848-field_4\">3 + 4 = <span class=\"wpforms-required-label\" aria-hidden=\"true\">*<\/span><\/label><input type=\"text\" id=\"wpforms-848-field_4\" class=\"wpforms-field-medium wpforms-field-required wpforms-limit-characters-enabled\" data-form-id=\"848\" data-field-id=\"4\" data-text-limit=\"1\" name=\"wpforms[fields][4]\" aria-errormessage=\"wpforms-848-field_4-error\" maxlength=\"1\" required><\/div><\/div><!-- .wpforms-field-container --><div class=\"wpforms-recaptcha-container wpforms-is-recaptcha wpforms-is-recaptcha-type-v2\" ><div class=\"g-recaptcha\" data-sitekey=\"6LcyKogpAAAAAHACmJiYQX0YEJAb22rdg0QKraLm\"><\/div><input type=\"text\" name=\"g-recaptcha-hidden\" class=\"wpforms-recaptcha-hidden\" style=\"position:absolute!important;clip:rect(0,0,0,0)!important;height:1px!important;width:1px!important;border:0!important;overflow:hidden!important;padding:0!important;margin:0!important;\" data-rule-recaptcha=\"1\"><\/div><div class=\"wpforms-submit-container\" ><input type=\"hidden\" name=\"wpforms[id]\" value=\"848\"><input type=\"hidden\" name=\"page_title\" value=\"\"><input type=\"hidden\" name=\"page_url\" value=\"https:\/\/earhear.net\/index.php?rest_route=\/wp\/v2\/pages\/75\"><input type=\"hidden\" name=\"url_referer\" value=\"\"><button type=\"submit\" name=\"wpforms[submit]\" id=\"wpforms-submit-848\" class=\"wpforms-submit\" data-alt-text=\"Skickar \u2026\" data-submit-text=\"Skicka\" aria-live=\"assertive\" value=\"wpforms-submit\">Skicka<\/button><img decoding=\"async\" src=\"https:\/\/earhear.net\/wp-content\/plugins\/wpforms-lite\/assets\/images\/submit-spin.svg\" class=\"wpforms-submit-spinner\" style=\"display: none;\" width=\"26\" height=\"26\" alt=\"Laddar\"><\/div><\/form><\/div>  <!-- .wpforms-container -->\t\t\t\t<\/div>\n\t\t\t\t<\/div>\n\t\t\t\t<\/div>\n\t\t<div class=\"elementor-element elementor-element-4cd9029 e-con-full e-flex e-con e-child\" data-id=\"4cd9029\" data-element_type=\"container\" data-e-type=\"container\">\n\t\t\t\t<div class=\"elementor-element elementor-element-33db48a elementor-widget elementor-widget-heading\" data-id=\"33db48a\" data-element_type=\"widget\" data-e-type=\"widget\" data-widget_type=\"heading.default\">\n\t\t\t\t<div class=\"elementor-widget-container\">\n\t\t\t\t\t<h2 class=\"elementor-heading-title elementor-size-default\">H\u00f6r av er med er f\u00f6rfr\u00e5gan eller id\u00e9!<\/h2>\t\t\t\t<\/div>\n\t\t\t\t<\/div>\n\t\t\t\t<div class=\"elementor-element elementor-element-456105d elementor-widget elementor-widget-text-editor\" data-id=\"456105d\" data-element_type=\"widget\" data-e-type=\"widget\" data-widget_type=\"text-editor.default\">\n\t\t\t\t<div class=\"elementor-widget-container\">\n\t\t\t\t\t\t\t\t\t<p>Ibland vet man precis vad man vill, ibland beh\u00f6ver man hj\u00e4lp att formulera sin fr\u00e5ga eller id\u00e9. Oavsett s\u00e5 hj\u00e4lper jag till! <br \/>Fyll i formul\u00e4ret s\u00e5 \u00e5terkommer jag s\u00e5 snart som m\u00f6jligt.<br \/>\/Uffe<\/p>\t\t\t\t\t\t\t\t<\/div>\n\t\t\t\t<\/div>\n\t\t\t\t<\/div>\n\t\t\t\t\t<\/div>\n\t\t\t\t<\/div>\n\t\t<div class=\"elementor-element elementor-element-0dfa4e2 e-flex e-con-boxed e-con e-parent\" data-id=\"0dfa4e2\" data-element_type=\"container\" data-e-type=\"container\">\n\t\t\t\t\t<div class=\"e-con-inner\">\n\t\t\t\t\t<\/div>\n\t\t\t\t<\/div>\n\t\t\t\t<\/div>\n\t\t","protected":false},"excerpt":{"rendered":"<p>Aktivera JavaScript i din webbl\u00e4sare f\u00f6r att fylla i formul\u00e4ret.Aktivera JavaScript i din webbl\u00e4sare f\u00f6r att fylla i formul\u00e4ret.Ditt namn *E-mail *Ditt meddelande *3 + 4 = * Skicka H\u00f6r av er med er f\u00f6rfr\u00e5gan eller id\u00e9! Ibland vet man precis vad man vill, ibland beh\u00f6ver man hj\u00e4lp att formulera sin fr\u00e5ga eller id\u00e9. Oavsett&hellip;&nbsp;<a href=\"https:\/\/earhear.net\/?page_id=75\" rel=\"bookmark\">L\u00e4s mer &raquo;<span class=\"screen-reader-text\">Kontakt<\/span><\/a><\/p>\n","protected":false},"author":3,"featured_media":409,"parent":0,"menu_order":0,"comment_status":"closed","ping_status":"closed","template":"","meta":{"_monsterinsights_skip_tracking":false,"_monsterinsights_sitenote_active":false,"_monsterinsights_sitenote_note":"","_monsterinsights_sitenote_category":0,"neve_meta_sidebar":"default","neve_meta_container":"","neve_meta_enable_content_width":"on","neve_meta_content_width":100,"neve_meta_title_alignment":"","neve_meta_author_avatar":"","neve_post_elements_order":"","neve_meta_disable_header":"off","neve_meta_disable_footer":"","neve_meta_disable_title":"off","footnotes":""},"class_list":["post-75","page","type-page","status-publish","has-post-thumbnail","hentry"],"yoast_head":"<!-- This site is optimized with the Yoast SEO plugin v27.5 - https:\/\/yoast.com\/product\/yoast-seo-wordpress\/ -->\n<title>Kontakt - Ear Hear Musik &amp; Ljud AB<\/title>\n<meta name=\"robots\" content=\"index, follow, max-snippet:-1, max-image-preview:large, max-video-preview:-1\" \/>\n<link rel=\"canonical\" href=\"https:\/\/earhear.net\/?page_id=75\" \/>\n<meta property=\"og:locale\" content=\"sv_SE\" \/>\n<meta property=\"og:type\" content=\"article\" \/>\n<meta property=\"og:title\" content=\"Kontakt - Ear Hear Musik &amp; Ljud AB\" \/>\n<meta property=\"og:description\" content=\"Aktivera JavaScript i din webbl\u00e4sare f\u00f6r att fylla i formul\u00e4ret.Aktivera JavaScript i din webbl\u00e4sare f\u00f6r att fylla i formul\u00e4ret.Ditt namn *E-mail *Ditt meddelande *3 + 4 = * Skicka H\u00f6r av er med er f\u00f6rfr\u00e5gan eller id\u00e9! Ibland vet man precis vad man vill, ibland beh\u00f6ver man hj\u00e4lp att formulera sin fr\u00e5ga eller id\u00e9. Oavsett&hellip;&nbsp;L\u00e4s mer &raquo;Kontakt\" \/>\n<meta property=\"og:url\" content=\"https:\/\/earhear.net\/?page_id=75\" \/>\n<meta property=\"og:site_name\" content=\"Ear Hear Musik &amp; Ljud AB\" \/>\n<meta property=\"article:modified_time\" content=\"2025-08-16T09:14:53+00:00\" \/>\n<meta property=\"og:image\" content=\"https:\/\/earhear.net\/wp-content\/uploads\/2024\/01\/image.png\" \/>\n\t<meta property=\"og:image:width\" content=\"300\" \/>\n\t<meta property=\"og:image:height\" content=\"300\" \/>\n\t<meta property=\"og:image:type\" content=\"image\/png\" \/>\n<meta name=\"twitter:card\" content=\"summary_large_image\" \/>\n<meta name=\"twitter:label1\" content=\"Ber\u00e4knad l\u00e4stid\" \/>\n\t<meta name=\"twitter:data1\" content=\"1 minut\" \/>\n<script type=\"application\/ld+json\" class=\"yoast-schema-graph\">{\"@context\":\"https:\\\/\\\/schema.org\",\"@graph\":[{\"@type\":\"WebPage\",\"@id\":\"https:\\\/\\\/earhear.net\\\/?page_id=75\",\"url\":\"https:\\\/\\\/earhear.net\\\/?page_id=75\",\"name\":\"Kontakt - Ear Hear Musik &amp; Ljud AB\",\"isPartOf\":{\"@id\":\"https:\\\/\\\/earhear.net\\\/#website\"},\"primaryImageOfPage\":{\"@id\":\"https:\\\/\\\/earhear.net\\\/?page_id=75#primaryimage\"},\"image\":{\"@id\":\"https:\\\/\\\/earhear.net\\\/?page_id=75#primaryimage\"},\"thumbnailUrl\":\"https:\\\/\\\/earhear.net\\\/wp-content\\\/uploads\\\/2024\\\/01\\\/image.png\",\"datePublished\":\"2020-01-27T08:29:32+00:00\",\"dateModified\":\"2025-08-16T09:14:53+00:00\",\"breadcrumb\":{\"@id\":\"https:\\\/\\\/earhear.net\\\/?page_id=75#breadcrumb\"},\"inLanguage\":\"sv-SE\",\"potentialAction\":[{\"@type\":\"ReadAction\",\"target\":[\"https:\\\/\\\/earhear.net\\\/?page_id=75\"]}]},{\"@type\":\"ImageObject\",\"inLanguage\":\"sv-SE\",\"@id\":\"https:\\\/\\\/earhear.net\\\/?page_id=75#primaryimage\",\"url\":\"https:\\\/\\\/earhear.net\\\/wp-content\\\/uploads\\\/2024\\\/01\\\/image.png\",\"contentUrl\":\"https:\\\/\\\/earhear.net\\\/wp-content\\\/uploads\\\/2024\\\/01\\\/image.png\",\"width\":300,\"height\":300},{\"@type\":\"BreadcrumbList\",\"@id\":\"https:\\\/\\\/earhear.net\\\/?page_id=75#breadcrumb\",\"itemListElement\":[{\"@type\":\"ListItem\",\"position\":1,\"name\":\"Home\",\"item\":\"https:\\\/\\\/earhear.net\\\/\"},{\"@type\":\"ListItem\",\"position\":2,\"name\":\"Kontakt\"}]},{\"@type\":\"WebSite\",\"@id\":\"https:\\\/\\\/earhear.net\\\/#website\",\"url\":\"https:\\\/\\\/earhear.net\\\/\",\"name\":\"Ear Hear Musik &amp; Ljud AB\",\"description\":\"\",\"potentialAction\":[{\"@type\":\"SearchAction\",\"target\":{\"@type\":\"EntryPoint\",\"urlTemplate\":\"https:\\\/\\\/earhear.net\\\/?s={search_term_string}\"},\"query-input\":{\"@type\":\"PropertyValueSpecification\",\"valueRequired\":true,\"valueName\":\"search_term_string\"}}],\"inLanguage\":\"sv-SE\"}]}<\/script>\n<!-- \/ Yoast SEO plugin. -->","yoast_head_json":{"title":"Kontakt - Ear Hear Musik &amp; Ljud AB","robots":{"index":"index","follow":"follow","max-snippet":"max-snippet:-1","max-image-preview":"max-image-preview:large","max-video-preview":"max-video-preview:-1"},"canonical":"https:\/\/earhear.net\/?page_id=75","og_locale":"sv_SE","og_type":"article","og_title":"Kontakt - Ear Hear Musik &amp; Ljud AB","og_description":"Aktivera JavaScript i din webbl\u00e4sare f\u00f6r att fylla i formul\u00e4ret.Aktivera JavaScript i din webbl\u00e4sare f\u00f6r att fylla i formul\u00e4ret.Ditt namn *E-mail *Ditt meddelande *3 + 4 = * Skicka H\u00f6r av er med er f\u00f6rfr\u00e5gan eller id\u00e9! Ibland vet man precis vad man vill, ibland beh\u00f6ver man hj\u00e4lp att formulera sin fr\u00e5ga eller id\u00e9. Oavsett&hellip;&nbsp;L\u00e4s mer &raquo;Kontakt","og_url":"https:\/\/earhear.net\/?page_id=75","og_site_name":"Ear Hear Musik &amp; Ljud AB","article_modified_time":"2025-08-16T09:14:53+00:00","og_image":[{"width":300,"height":300,"url":"https:\/\/earhear.net\/wp-content\/uploads\/2024\/01\/image.png","type":"image\/png"}],"twitter_card":"summary_large_image","twitter_misc":{"Ber\u00e4knad l\u00e4stid":"1 minut"},"schema":{"@context":"https:\/\/schema.org","@graph":[{"@type":"WebPage","@id":"https:\/\/earhear.net\/?page_id=75","url":"https:\/\/earhear.net\/?page_id=75","name":"Kontakt - Ear Hear Musik &amp; Ljud AB","isPartOf":{"@id":"https:\/\/earhear.net\/#website"},"primaryImageOfPage":{"@id":"https:\/\/earhear.net\/?page_id=75#primaryimage"},"image":{"@id":"https:\/\/earhear.net\/?page_id=75#primaryimage"},"thumbnailUrl":"https:\/\/earhear.net\/wp-content\/uploads\/2024\/01\/image.png","datePublished":"2020-01-27T08:29:32+00:00","dateModified":"2025-08-16T09:14:53+00:00","breadcrumb":{"@id":"https:\/\/earhear.net\/?page_id=75#breadcrumb"},"inLanguage":"sv-SE","potentialAction":[{"@type":"ReadAction","target":["https:\/\/earhear.net\/?page_id=75"]}]},{"@type":"ImageObject","inLanguage":"sv-SE","@id":"https:\/\/earhear.net\/?page_id=75#primaryimage","url":"https:\/\/earhear.net\/wp-content\/uploads\/2024\/01\/image.png","contentUrl":"https:\/\/earhear.net\/wp-content\/uploads\/2024\/01\/image.png","width":300,"height":300},{"@type":"BreadcrumbList","@id":"https:\/\/earhear.net\/?page_id=75#breadcrumb","itemListElement":[{"@type":"ListItem","position":1,"name":"Home","item":"https:\/\/earhear.net\/"},{"@type":"ListItem","position":2,"name":"Kontakt"}]},{"@type":"WebSite","@id":"https:\/\/earhear.net\/#website","url":"https:\/\/earhear.net\/","name":"Ear Hear Musik &amp; Ljud AB","description":"","potentialAction":[{"@type":"SearchAction","target":{"@type":"EntryPoint","urlTemplate":"https:\/\/earhear.net\/?s={search_term_string}"},"query-input":{"@type":"PropertyValueSpecification","valueRequired":true,"valueName":"search_term_string"}}],"inLanguage":"sv-SE"}]}},"_links":{"self":[{"href":"https:\/\/earhear.net\/index.php?rest_route=\/wp\/v2\/pages\/75","targetHints":{"allow":["GET"]}}],"collection":[{"href":"https:\/\/earhear.net\/index.php?rest_route=\/wp\/v2\/pages"}],"about":[{"href":"https:\/\/earhear.net\/index.php?rest_route=\/wp\/v2\/types\/page"}],"author":[{"embeddable":true,"href":"https:\/\/earhear.net\/index.php?rest_route=\/wp\/v2\/users\/3"}],"replies":[{"embeddable":true,"href":"https:\/\/earhear.net\/index.php?rest_route=%2Fwp%2Fv2%2Fcomments&post=75"}],"version-history":[{"count":6,"href":"https:\/\/earhear.net\/index.php?rest_route=\/wp\/v2\/pages\/75\/revisions"}],"predecessor-version":[{"id":941,"href":"https:\/\/earhear.net\/index.php?rest_route=\/wp\/v2\/pages\/75\/revisions\/941"}],"wp:featuredmedia":[{"embeddable":true,"href":"https:\/\/earhear.net\/index.php?rest_route=\/wp\/v2\/media\/409"}],"wp:attachment":[{"href":"https:\/\/earhear.net\/index.php?rest_route=%2Fwp%2Fv2%2Fmedia&parent=75"}],"curies":[{"name":"wp","href":"https:\/\/api.w.org\/{rel}","templated":true}]}}